{"id":916,"date":"2016-05-10T03:48:21","date_gmt":"2016-05-10T03:48:21","guid":{"rendered":"http:\/\/wp452m.a10-52-158-154.qa.plesk.ru\/wordpress\/?page_id=2"},"modified":"2021-03-23T14:16:17","modified_gmt":"2021-03-23T13:16:17","slug":"about","status":"publish","type":"page","link":"https:\/\/ivwkoeln.web.th-koeln.de\/versicherungsrecht\/about\/","title":{"rendered":"Blog der Forschungsstelle Versicherungsrecht an der TH K\u00f6ln"},"content":{"rendered":"<p>Der Blog Versicherungsrecht ist die\u00a0Plattform f\u00fcr Diskussionen \u00fcber neue Entwicklungen im Versicherungsrecht, insbesondere \u00fcber aktuelle Gerichtsentscheidungen, neue technische M\u00f6glichkeiten und deren rechtliche Bewertungen.\u00a0 Autoren des Blogs sind die Jura-Professoren des\u00a0Instituts f\u00fcr Versicherungswesen an\u00a0der <a href=\"https:\/\/www.th-koeln.de\/startseite_16.php\"><u>TH K\u00f6ln<\/u> <\/a>(Prof. Dr. Karl Maier, Prof. Dr. Peter Schimikowski, Prof. Dr. Jochen Axer, Prof. Dr. Dirk-Carsten G\u00fcnther und Prof. Dr. Michael Fortmann) sowie Studenten\u00a0 aus dem <u><a href=\"https:\/\/www.th-koeln.de\/studium\/versicherungsrecht-master_13792.php\">berufsbegleitenden Masterstudiengang Versicherungsrecht (LL.M.<\/a>)<\/u> des <a href=\"https:\/\/www.th-koeln.de\/wirtschafts-und-rechtswissenschaften\/institut-fuer-versicherungswesen_6857.php\"><u>Instituts f\u00fcr Versicherungswesen<\/u><\/a>.<\/p>\n<p>Die Redaktionsleitung wird von den Prof. Dr. G\u00fcnther, Prof. Dr. Maier, Prof. Dr. Schimikowski und Prof. Dr. Fortmann ausge\u00fcbt. An diese k\u00f6nnen sich alle Interessierten, die einen Blogbeitrag verfassen wollen, wenden.<\/p>\n<p>Initiator des Versicherungsrechtsblogs ist die <u>Forschungsstelle Versicherungsrecht<\/u>. Sie wurde 2010 am Institut f\u00fcr Versicherungswesen der TH K\u00f6ln gegr\u00fcndet, um die Forschungsaktivit\u00e4ten des Instituts im Hinblick auf praxisrelevante juristische Fragestellungen zu b\u00fcndeln.<\/p>\n<p>Weitere Informationen inklusive Ver\u00f6ffentlichungsliste finden Sie auf der Personenseite von<\/p>\n<ul>\n<li><a href=\"https:\/\/www.th-koeln.de\/personen\/dirk-carsten.guenther\/\">Prof. Dr. Dirk-Carsten G\u00fcnther<\/a><\/li>\n<li><a href=\"https:\/\/www.th-koeln.de\/personen\/karl.maier\/\">Prof. Dr. Karl Maier<\/a><\/li>\n<li><a href=\"https:\/\/www.th-koeln.de\/personen\/peter.schimikowski\/\">Prof. Dr. Peter Schimikowski<\/a><\/li>\n<li><a href=\"https:\/\/www.th-koeln.de\/personen\/jochen.axer\/\">Prof. Dr. Jochen Axer<\/a><\/li>\n<li><a href=\"https:\/\/www.th-koeln.de\/personen\/michael.fortmann\/\">Prof. Dr. Michael Fortmann<\/a><\/li>\n<\/ul>\n","protected":false},"excerpt":{"rendered":"<p>Der Blog Versicherungsrecht ist die\u00a0Plattform f\u00fcr Diskussionen \u00fcber neue Entwicklungen im Versicherungsrecht, insbesondere \u00fcber aktuelle Gerichtsentscheidungen, neue technische M\u00f6glichkeiten und deren rechtliche Bewertungen.\u00a0 Autoren des Blogs sind die Jura-Professoren des\u00a0Instituts f\u00fcr Versicherungswesen an\u00a0der TH K\u00f6ln (Prof. Dr. Karl Maier, Prof. Dr. Peter Schimikowski, Prof. Dr. Jochen Axer, Prof. Dr. Dirk-Carsten G\u00fcnther und Prof. Dr. Michael &#8230; <a title=\"Blog der Forschungsstelle Versicherungsrecht an der TH K\u00f6ln\" class=\"read-more\" href=\"https:\/\/ivwkoeln.web.th-koeln.de\/versicherungsrecht\/about\/\" aria-label=\"Mehr Informationen \u00fcber Blog der Forschungsstelle Versicherungsrecht an der TH K\u00f6ln\">Weiterlesen &#8230;<\/a><\/p>\n","protected":false},"author":1,"featured_media":0,"parent":0,"menu_order":0,"comment_status":"closed","ping_status":"open","template":"","meta":{"footnotes":""},"class_list":["post-916","page","type-page","status-publish"],"_links":{"self":[{"href":"https:\/\/ivwkoeln.web.th-koeln.de\/versicherungsrecht\/wp-json\/wp\/v2\/pages\/916","targetHints":{"allow":["GET"]}}],"collection":[{"href":"https:\/\/ivwkoeln.web.th-koeln.de\/versicherungsrecht\/wp-json\/wp\/v2\/pages"}],"about":[{"href":"https:\/\/ivwkoeln.web.th-koeln.de\/versicherungsrecht\/wp-json\/wp\/v2\/types\/page"}],"author":[{"embeddable":true,"href":"https:\/\/ivwkoeln.web.th-koeln.de\/versicherungsrecht\/wp-json\/wp\/v2\/users\/1"}],"replies":[{"embeddable":true,"href":"https:\/\/ivwkoeln.web.th-koeln.de\/versicherungsrecht\/wp-json\/wp\/v2\/comments?post=916"}],"version-history":[{"count":1,"href":"https:\/\/ivwkoeln.web.th-koeln.de\/versicherungsrecht\/wp-json\/wp\/v2\/pages\/916\/revisions"}],"predecessor-version":[{"id":992,"href":"https:\/\/ivwkoeln.web.th-koeln.de\/versicherungsrecht\/wp-json\/wp\/v2\/pages\/916\/revisions\/992"}],"wp:attachment":[{"href":"https:\/\/ivwkoeln.web.th-koeln.de\/versicherungsrecht\/wp-json\/wp\/v2\/media?parent=916"}],"curies":[{"name":"wp","href":"https:\/\/api.w.org\/{rel}","templated":true}]}}