{"id":65,"date":"2017-02-14T07:54:06","date_gmt":"2017-02-14T07:54:06","guid":{"rendered":"http:\/\/blogversicherungsrecht.web.th-koeln.de\/?page_id=65"},"modified":"2021-04-26T10:39:53","modified_gmt":"2021-04-26T08:39:53","slug":"impressum","status":"publish","type":"page","link":"https:\/\/ivwkoeln.web.th-koeln.de\/versicherungsrecht\/impressum\/","title":{"rendered":"Impressum"},"content":{"rendered":"<p>TH K\u00f6ln<br \/>\nClaudiusstr. 1<br \/>\n50678 K\u00f6ln<\/p>\n<p>Postanschrift<br \/>\nGustav-Heinemann-Ufer 54<br \/>\n50968 K\u00f6ln<\/p>\n<p>T: + 49 221-8275-0<br \/>\nF: + 49 221-8275-3131<br \/>\nE: <a href=\"mailto:poststelle@th-koeln.de\">poststelle@th-koeln.de<\/a><\/p>\n<p>Die TH K\u00f6ln (Technische Hochschule K\u00f6ln) ist eine K\u00f6rperschaft des \u00d6ffentlichen Rechts.<br \/>\nSie wird durch den Pr\u00e4sidenten Prof. Dr. Stefan Herzig gesetzlich vertreten.<\/p>\n<p>Zust\u00e4ndige Aufsichtsbeh\u00f6rde:<br \/>\nMinisterium f\u00fcr Kultur und Wissenschaft des Landes Nordrhein-Westfalen<br \/>\nV\u00f6lklinger Str. 49<br \/>\n40221 D\u00fcsseldorf<br \/>\nT: +49 211-896-04<br \/>\nF: +49 211-896-4555<br \/>\nhttp:\/\/www.wissenschaft.nrw.de\/<\/p>\n<p>Umsatzsteuer-Identifikationsnummer gem. \u00a7 27a Umsatzsteuergesetz:<br \/>\nDE 122653679<\/p>\n","protected":false},"excerpt":{"rendered":"<p>TH K\u00f6ln Claudiusstr. 1 50678 K\u00f6ln Postanschrift Gustav-Heinemann-Ufer 54 50968 K\u00f6ln T: + 49 221-8275-0 F: + 49 221-8275-3131 E: poststelle@th-koeln.de Die TH K\u00f6ln (Technische Hochschule K\u00f6ln) ist eine K\u00f6rperschaft des \u00d6ffentlichen Rechts. Sie wird durch den Pr\u00e4sidenten Prof. Dr. Stefan Herzig gesetzlich vertreten. Zust\u00e4ndige Aufsichtsbeh\u00f6rde: Ministerium f\u00fcr Kultur und Wissenschaft des Landes Nordrhein-Westfalen V\u00f6lklinger &#8230; <a title=\"Impressum\" class=\"read-more\" href=\"https:\/\/ivwkoeln.web.th-koeln.de\/versicherungsrecht\/impressum\/\" aria-label=\"Mehr Informationen \u00fcber Impressum\">Weiterlesen &#8230;<\/a><\/p>\n","protected":false},"author":1,"featured_media":0,"parent":0,"menu_order":0,"comment_status":"closed","ping_status":"closed","template":"","meta":{"footnotes":""},"class_list":["post-65","page","type-page","status-publish"],"_links":{"self":[{"href":"https:\/\/ivwkoeln.web.th-koeln.de\/versicherungsrecht\/wp-json\/wp\/v2\/pages\/65","targetHints":{"allow":["GET"]}}],"collection":[{"href":"https:\/\/ivwkoeln.web.th-koeln.de\/versicherungsrecht\/wp-json\/wp\/v2\/pages"}],"about":[{"href":"https:\/\/ivwkoeln.web.th-koeln.de\/versicherungsrecht\/wp-json\/wp\/v2\/types\/page"}],"author":[{"embeddable":true,"href":"https:\/\/ivwkoeln.web.th-koeln.de\/versicherungsrecht\/wp-json\/wp\/v2\/users\/1"}],"replies":[{"embeddable":true,"href":"https:\/\/ivwkoeln.web.th-koeln.de\/versicherungsrecht\/wp-json\/wp\/v2\/comments?post=65"}],"version-history":[{"count":2,"href":"https:\/\/ivwkoeln.web.th-koeln.de\/versicherungsrecht\/wp-json\/wp\/v2\/pages\/65\/revisions"}],"predecessor-version":[{"id":1056,"href":"https:\/\/ivwkoeln.web.th-koeln.de\/versicherungsrecht\/wp-json\/wp\/v2\/pages\/65\/revisions\/1056"}],"wp:attachment":[{"href":"https:\/\/ivwkoeln.web.th-koeln.de\/versicherungsrecht\/wp-json\/wp\/v2\/media?parent=65"}],"curies":[{"name":"wp","href":"https:\/\/api.w.org\/{rel}","templated":true}]}}