{"id":1646,"date":"2019-03-26T15:28:34","date_gmt":"2019-03-26T14:28:34","guid":{"rendered":"https:\/\/ivwkoeln.web.th-koeln.de\/versicherungsmarkt\/?page_id=75"},"modified":"2019-03-26T15:28:34","modified_gmt":"2019-03-26T14:28:34","slug":"haftungshinweis","status":"publish","type":"page","link":"https:\/\/ivwkoeln.web.th-koeln.de\/versicherungsmarkt\/haftungshinweis\/","title":{"rendered":"Haftungshinweis"},"content":{"rendered":"<div class=\"entry-summary\">\n<p>Trotz sorgf\u00e4ltiger inhaltlicher Kontrolle kann keine Haftung f\u00fcr die Inhalte des WWW-Angebots der TH K\u00f6ln \u00fcbernommen werden. Entsprechend kann auch keine Gew\u00e4hrleistung f\u00fcr die Korrektheit, Vollst\u00e4ndigkeit und Anwendbarkeit der enthaltenen Informationen \u00fcbernommen werden.<\/p>\n<p>F\u00fcr die Inhalte von verlinkten Fremdangeboten sind die jeweiligen Herausgeber verantwortlich. Eine Haftung f\u00fcr eventuelle Datenschutz- und sonstige Rechtsverletzungen aus diesen verlinkten Seiten wird nicht \u00fcbernommen. Vor dem Einrichten von Links sind die Webseiten der anderen Anbieter sorgf\u00e4ltig \u00fcberpr\u00fcft worden. Es kann jedoch keine Gew\u00e4hr f\u00fcr die Vollst\u00e4ndigkeit und Richtigkeit von Informationen \u00fcbernommen werden, die \u00fcber weiterf\u00fchrende Hyperlinks erreicht werden. Falls von der TH K\u00f6ln auf Seiten verwiesen wird, deren Inhalt Anlass zu Beanstandungen gibt, wird um entsprechende Mitteilung an die Webredaktion gebeten.<\/p>\n<p>Die Informationen auf den Seiten der TH K\u00f6ln stellen keinen Rechtsrat dar und ersetzen in keinem Falle eine rechtskundige Beratung.<\/p>\n<p>Links aus anderen WWW-Seiten auf Seiten der TH K\u00f6ln sind zul\u00e4ssig, sofern auf die Herkunft angemessen hingewiesen wird.<\/p>\n<p>Seiten, die nur zum hochschulinternen Gebrauch bestimmt sind, d\u00fcrfen nicht kopiert und unter anderer URL weiteren Kreisen zug\u00e4nglich gemacht werden, auch nicht unter Angabe der Herkunft.<\/p>\n<\/div>\n","protected":false},"excerpt":{"rendered":"<p>Trotz sorgf\u00e4ltiger inhaltlicher Kontrolle kann keine Haftung f\u00fcr die Inhalte des WWW-Angebots der TH K\u00f6ln \u00fcbernommen werden. Entsprechend kann auch keine Gew\u00e4hrleistung f\u00fcr die Korrektheit, Vollst\u00e4ndigkeit und Anwendbarkeit der enthaltenen Informationen \u00fcbernommen werden. F\u00fcr die Inhalte von verlinkten Fremdangeboten sind die jeweiligen Herausgeber verantwortlich. Eine Haftung f\u00fcr eventuelle Datenschutz- und sonstige Rechtsverletzungen aus diesen verlinkten &#8230; <a title=\"Haftungshinweis\" class=\"read-more\" href=\"https:\/\/ivwkoeln.web.th-koeln.de\/versicherungsmarkt\/haftungshinweis\/\" aria-label=\"Mehr Informationen \u00fcber Haftungshinweis\">Weiterlesen &#8230;<\/a><\/p>\n","protected":false},"author":1,"featured_media":0,"parent":0,"menu_order":0,"comment_status":"closed","ping_status":"closed","template":"","meta":{"footnotes":""},"class_list":["post-1646","page","type-page","status-publish"],"_links":{"self":[{"href":"https:\/\/ivwkoeln.web.th-koeln.de\/versicherungsmarkt\/wp-json\/wp\/v2\/pages\/1646","targetHints":{"allow":["GET"]}}],"collection":[{"href":"https:\/\/ivwkoeln.web.th-koeln.de\/versicherungsmarkt\/wp-json\/wp\/v2\/pages"}],"about":[{"href":"https:\/\/ivwkoeln.web.th-koeln.de\/versicherungsmarkt\/wp-json\/wp\/v2\/types\/page"}],"author":[{"embeddable":true,"href":"https:\/\/ivwkoeln.web.th-koeln.de\/versicherungsmarkt\/wp-json\/wp\/v2\/users\/1"}],"replies":[{"embeddable":true,"href":"https:\/\/ivwkoeln.web.th-koeln.de\/versicherungsmarkt\/wp-json\/wp\/v2\/comments?post=1646"}],"version-history":[{"count":0,"href":"https:\/\/ivwkoeln.web.th-koeln.de\/versicherungsmarkt\/wp-json\/wp\/v2\/pages\/1646\/revisions"}],"wp:attachment":[{"href":"https:\/\/ivwkoeln.web.th-koeln.de\/versicherungsmarkt\/wp-json\/wp\/v2\/media?parent=1646"}],"curies":[{"name":"wp","href":"https:\/\/api.w.org\/{rel}","templated":true}]}}