{"id":246,"date":"2021-03-27T10:25:08","date_gmt":"2021-03-27T09:25:08","guid":{"rendered":"https:\/\/ivwkoeln.web.th-koeln.de\/faris\/?page_id=246"},"modified":"2021-04-26T10:41:10","modified_gmt":"2021-04-26T08:41:10","slug":"impressum","status":"publish","type":"page","link":"https:\/\/ivwkoeln.web.th-koeln.de\/faris\/impressum\/","title":{"rendered":"Impressum"},"content":{"rendered":"\n<p>TH K\u00f6ln<br>Claudiusstr. 1<br>50678 K\u00f6ln<\/p>\n\n\n\n<p>Postanschrift<br>Gustav-Heinemann-Ufer 54<br>50968 K\u00f6ln<\/p>\n\n\n\n<p>T: + 49 221-8275-0<br>F: + 49 221-8275-3131<br>E:&nbsp;poststelle@th-koeln.de<\/p>\n\n\n\n<p>Die TH K\u00f6ln (Technische Hochschule K\u00f6ln) ist eine K\u00f6rperschaft des \u00d6ffentlichen Rechts.<br>Sie wird durch den Pr\u00e4sidenten Prof. Dr. Stefan Herzig gesetzlich vertreten.<\/p>\n\n\n\n<p>Zust\u00e4ndige Aufsichtsbeh\u00f6rde:<br>Ministerium f\u00fcr Kultur und Wissenschaft des Landes Nordrhein-Westfalen<br>V\u00f6lklinger Str. 49<br>40221 D\u00fcsseldorf<br>T: +49 211-896-04<br>F: +49 211-896-4555<br>http:\/\/www.wissenschaft.nrw.de\/<\/p>\n\n\n\n<p>Umsatzsteuer-Identifikationsnummer gem. \u00a7 27a Umsatzsteuergesetz:<br>DE 122653679<\/p>\n","protected":false},"excerpt":{"rendered":"<p>TH K\u00f6lnClaudiusstr. 150678 K\u00f6ln PostanschriftGustav-Heinemann-Ufer 5450968 K\u00f6ln T: + 49 221-8275-0F: + 49 221-8275-3131E:&nbsp;poststelle@th-koeln.de Die TH K\u00f6ln (Technische Hochschule K\u00f6ln) ist eine K\u00f6rperschaft des \u00d6ffentlichen Rechts.Sie wird durch den Pr\u00e4sidenten Prof. Dr. Stefan Herzig gesetzlich vertreten. Zust\u00e4ndige Aufsichtsbeh\u00f6rde:Ministerium f\u00fcr Kultur und Wissenschaft des Landes Nordrhein-WestfalenV\u00f6lklinger Str. 4940221 D\u00fcsseldorfT: +49 211-896-04F: +49 211-896-4555http:\/\/www.wissenschaft.nrw.de\/ Umsatzsteuer-Identifikationsnummer gem. \u00a7 &#8230; <a title=\"Impressum\" class=\"read-more\" href=\"https:\/\/ivwkoeln.web.th-koeln.de\/faris\/impressum\/\" aria-label=\"Mehr Informationen \u00fcber Impressum\">Weiterlesen &#8230;<\/a><\/p>\n","protected":false},"author":56,"featured_media":0,"parent":0,"menu_order":0,"comment_status":"closed","ping_status":"closed","template":"","meta":{"footnotes":""},"class_list":["post-246","page","type-page","status-publish"],"_links":{"self":[{"href":"https:\/\/ivwkoeln.web.th-koeln.de\/faris\/wp-json\/wp\/v2\/pages\/246","targetHints":{"allow":["GET"]}}],"collection":[{"href":"https:\/\/ivwkoeln.web.th-koeln.de\/faris\/wp-json\/wp\/v2\/pages"}],"about":[{"href":"https:\/\/ivwkoeln.web.th-koeln.de\/faris\/wp-json\/wp\/v2\/types\/page"}],"author":[{"embeddable":true,"href":"https:\/\/ivwkoeln.web.th-koeln.de\/faris\/wp-json\/wp\/v2\/users\/56"}],"replies":[{"embeddable":true,"href":"https:\/\/ivwkoeln.web.th-koeln.de\/faris\/wp-json\/wp\/v2\/comments?post=246"}],"version-history":[{"count":1,"href":"https:\/\/ivwkoeln.web.th-koeln.de\/faris\/wp-json\/wp\/v2\/pages\/246\/revisions"}],"predecessor-version":[{"id":247,"href":"https:\/\/ivwkoeln.web.th-koeln.de\/faris\/wp-json\/wp\/v2\/pages\/246\/revisions\/247"}],"wp:attachment":[{"href":"https:\/\/ivwkoeln.web.th-koeln.de\/faris\/wp-json\/wp\/v2\/media?parent=246"}],"curies":[{"name":"wp","href":"https:\/\/api.w.org\/{rel}","templated":true}]}}